{"id":1349,"date":"2018-04-12T17:00:37","date_gmt":"2018-04-12T15:00:37","guid":{"rendered":"http:\/\/corretto.elated-themes.com\/?page_id=1349"},"modified":"2020-06-08T05:57:03","modified_gmt":"2020-06-08T05:57:03","slug":"our-menu","status":"publish","type":"page","link":"http:\/\/xn--che-sfizio-caff-8mb.de\/?page_id=1349","title":{"rendered":"Unser Sortiment"},"content":{"rendered":"<p>[vc_row][vc_column width=&#8220;1\/2&#8243; css=&#8220;.vc_custom_1574688599752{padding-left: 150px !important;border-radius: 30px !important;}&#8220;][vc_column_text]<\/p>\n<h3>Kaffeepads von caff\u00e8 BORBONE, im E.S.E. Standard<\/h3>\n<p>Lassen Sie sich verf\u00fchren, in die Vielfalt der unterschiedlichen Kaffeepads, Sorten und Kaffeest\u00e4rken, von mild bis sehr stark. Die ESE Pads eignen sich f\u00fcr den klassischen Espresso, sowie Espresso macchiato oder capuccino.<br \/>\nHervorragender Geschmack und einfache Handhabung. Bei allen Pads handelt es sich um E.S.E. Pads. Die Pads sind aus Filterpapier und werden auf italienisch \u201e cialde\u201c genannt. Sie wurden in den 70 er Jahren in Italien erfunden.Ein Espressopad nach dem ESE System werden mit 7gr gemahlenen Kaffee gef\u00fcllt und haben einen Durchmesser von 44mm und eine H\u00f6he von 10mm. Die Pads von caff\u00e8 BORBONE enthalten etwas mehr 7,2gramm gemahenen Kaffee, f\u00fcr noch mehr Geschmack. Einzeln verpackt beh\u00e4lt der Pad sein volles Aroma.[\/vc_column_text][\/vc_column][vc_column width=&#8220;1\/2&#8243;][vc_single_image image=&#8220;3412&#8243; img_size=&#8220;850&#215;350&#8243;][\/vc_column][\/vc_row][vc_row][vc_column][vc_empty_space height=&#8220;50px&#8220;][\/vc_column][\/vc_row][vc_row][vc_column width=&#8220;1\/2&#8243;][vc_single_image image=&#8220;3413&#8243; img_size=&#8220;800&#215;350&#8243; css=&#8220;.vc_custom_1574750370161{padding-left: 150px !important;}&#8220;][\/vc_column][vc_column width=&#8220;1\/2&#8243;][vc_column_text]<\/p>\n<h3>Kapseln<\/h3>\n<p>Caff\u00e8 Borbone gibt es auch in Kapselform.<br \/>\nRespresso ist der Name der Kapseln von caff\u00e8 BORBONE, die kompatibel sind mit der Nespresso. Der perfekte Kaffee zu jeder Tageszeit. Probieren Sie die unterschiedlichen Kaffeesorten von mild bis sehr stark, nat\u00fcrlich auch entkoffeiniert.<br \/>\n<strong>Es ist auch m\u00f6glich die Kapseln f\u00fcr die Maschinen Lavazza A modo mio und Lavazza Point zu bestellen.<\/strong><\/p>\n<p>[\/vc_column_text][\/vc_column][\/vc_row][vc_row][vc_column][vc_empty_space height=&#8220;50&#8243;][\/vc_column][\/vc_row][vc_row][vc_column width=&#8220;1\/2&#8243;][vc_column_text css=&#8220;.vc_custom_1591173294216{padding-left: 150px !important;}&#8220;]<\/p>\n<h3>Bohnenkaffee<\/h3>\n<p>Kaffeebohnen f\u00fcr echte Genie\u00dfer.<br \/>\nDie Mischung enth\u00e4lt hochwertige Bohnen und sie werden nach der R\u00f6stung,<br \/>\nvorsichtig transportiert. Ganze Kaffeebohnen lassen sich besser lagern. Das Aroma und die Inhaltsstoffe entweichen langsamer, als bei bereits gemahlenen Kaffee.Bohnenkaffee gibt es in unterschiedlicher St\u00e4rke und verschiedenen Aromamischungen.Caff\u00e8 BORBONE bietet Bohnen-Mischungen f\u00fcr Vending Vollautomaten, sowie Siebtr\u00e4ger an.[\/vc_column_text][\/vc_column][vc_column width=&#8220;1\/2&#8243;][vc_single_image image=&#8220;3492&#8243; img_size=&#8220;800&#215;350&#8243;][\/vc_column][\/vc_row][vc_row][vc_column][vc_empty_space height=&#8220;50px&#8220;][\/vc_column][\/vc_row][vc_row][vc_column width=&#8220;1\/2&#8243;][vc_single_image image=&#8220;3418&#8243; img_size=&#8220;800&#215;350&#8243; css=&#8220;.vc_custom_1574751114896{padding-left: 150px !important;}&#8220;][\/vc_column][vc_column width=&#8220;1\/2&#8243;][vc_column_text css=&#8220;.vc_custom_1591108534348{padding-left: 150px !important;}&#8220;]<\/p>\n<h3>Caff\u00e8 per la Moka<\/h3>\n<div>gemahlener Kaffee f\u00fcr die traditionelle Moka-Maschine. Beginnen Sie den Tag, mit einem milden, aromatischen Espresso. F\u00fcr das Jahr 2020<\/div>\n<div>\n<div style=\"text-align: right;\">PREMIO QUALITY AWARD<\/div>\n<div style=\"text-align: right;\">\u00a0 \u00a0 \u00a0 \u00a0 \u00a0 \u00a0 \u00a0 \u00a0 \u00a0 \u00a0 \u00a0 \u00a0 \u00a0 \u00a0 \u00a0 Consumer Test 2020<\/div>\n<div style=\"text-align: right;\">premio reale\u00a0 &#8211;\u00a0 k\u00f6nigliche Auszeichnung.<\/div>\n<\/div>\n<p>[\/vc_column_text][\/vc_column][\/vc_row][vc_row][vc_column][vc_empty_space height=&#8220;50px&#8220;][\/vc_column][\/vc_row][vc_row][vc_column width=&#8220;1\/2&#8243;][vc_column_text css=&#8220;.vc_custom_1574925918767{padding-left: 150px !important;}&#8220;]<\/p>\n<h3>Confetti<\/h3>\n<p>Das perfekte give away verschiedene Anl\u00e4sse wie Kindergeburtstag, Taufe, Kommunion oder Hochzeit. Die Confettis gibt es in verschiedene Farben und Geschmacksrichtungen und auf Wunsch auch mit Organzas\u00e4ckchen passend auf Ihr Fest oder Feier abgestimmt.[\/vc_column_text][\/vc_column][vc_column width=&#8220;1\/2&#8243;][vc_single_image image=&#8220;3495&#8243; img_size=&#8220;800&#215;350&#8243;][\/vc_column][\/vc_row][vc_row][vc_column][vc_empty_space height=&#8220;150&#8243;][\/vc_column][\/vc_row][vc_row][vc_column][vc_column_text css=&#8220;.vc_custom_1574928661940{padding-bottom: 100px !important;}&#8220;]<\/p>\n<p style=\"text-align: center;\"><a href=\"http:\/\/www.che-sfizio-caff\u00e8.de\/\">Zur\u00fcck zur Startseite<\/a><\/p>\n<p>[\/vc_column_text][\/vc_column][\/vc_row]<\/p>\n","protected":false},"excerpt":{"rendered":"<p>[vc_row][vc_column width=&#8220;1\/2&#8243; css=&#8220;.vc_custom_1574688599752{padding-left: 150px !important;border-radius: 30px !important;}&#8220;][vc_column_text] Kaffeepads von caff\u00e8 BORBONE, im E.S.E. Standard Lassen Sie sich verf\u00fchren, in die Vielfalt der unterschiedlichen Kaffeepads, Sorten und Kaffeest\u00e4rken, von mild bis sehr stark. Die ESE Pads eignen sich f\u00fcr den klassischen Espresso, sowie Espresso macchiato oder capuccino. Hervorragender Geschmack und einfache Handhabung. Bei allen Pads handelt es sich um E.S.E. Pads. Die Pads sind aus Filterpapier und werden auf italienisch \u201e cialde\u201c genannt. [&hellip;]<\/p>\n","protected":false},"author":1,"featured_media":0,"parent":0,"menu_order":0,"comment_status":"closed","ping_status":"closed","template":"full-width.php","meta":{"footnotes":""},"class_list":["post-1349","page","type-page","status-publish","hentry"],"_links":{"self":[{"href":"http:\/\/xn--che-sfizio-caff-8mb.de\/index.php?rest_route=\/wp\/v2\/pages\/1349","targetHints":{"allow":["GET"]}}],"collection":[{"href":"http:\/\/xn--che-sfizio-caff-8mb.de\/index.php?rest_route=\/wp\/v2\/pages"}],"about":[{"href":"http:\/\/xn--che-sfizio-caff-8mb.de\/index.php?rest_route=\/wp\/v2\/types\/page"}],"author":[{"embeddable":true,"href":"http:\/\/xn--che-sfizio-caff-8mb.de\/index.php?rest_route=\/wp\/v2\/users\/1"}],"replies":[{"embeddable":true,"href":"http:\/\/xn--che-sfizio-caff-8mb.de\/index.php?rest_route=%2Fwp%2Fv2%2Fcomments&post=1349"}],"version-history":[{"count":29,"href":"http:\/\/xn--che-sfizio-caff-8mb.de\/index.php?rest_route=\/wp\/v2\/pages\/1349\/revisions"}],"predecessor-version":[{"id":3496,"href":"http:\/\/xn--che-sfizio-caff-8mb.de\/index.php?rest_route=\/wp\/v2\/pages\/1349\/revisions\/3496"}],"wp:attachment":[{"href":"http:\/\/xn--che-sfizio-caff-8mb.de\/index.php?rest_route=%2Fwp%2Fv2%2Fmedia&parent=1349"}],"curies":[{"name":"wp","href":"https:\/\/api.w.org\/{rel}","templated":true}]}}