{"id":744,"date":"2018-04-11T09:29:33","date_gmt":"2018-04-11T07:29:33","guid":{"rendered":"http:\/\/corretto.elated-themes.com\/?page_id=744"},"modified":"2020-06-26T14:24:31","modified_gmt":"2020-06-26T14:24:31","slug":"about-me","status":"publish","type":"page","link":"http:\/\/xn--che-sfizio-caff-8mb.de\/?page_id=744","title":{"rendered":"\u00dcber mich"},"content":{"rendered":"<p>[vc_row full_height=&#8220;yes&#8220; columns_placement=&#8220;top&#8220; equal_height=&#8220;yes&#8220; content_placement=&#8220;middle&#8220; row_content_width=&#8220;grid&#8220; content_text_aligment=&#8220;center&#8220;][vc_column width=&#8220;2\/3&#8243; offset=&#8220;vc_col-lg-offset-0 vc_col-lg-4 vc_col-md-offset-3 vc_col-md-6 vc_col-sm-offset-2&#8243;][vc_single_image image=&#8220;3498&#8243; img_size=&#8220;full&#8220;][vc_empty_space height=&#8220;40px&#8220;][\/vc_column][vc_column offset=&#8220;vc_col-lg-offset-0 vc_col-lg-8 vc_col-md-offset-1 vc_col-md-10 vc_col-sm-offset-0&#8243; css=&#8220;.vc_custom_1524668823889{padding-right: 5% !important;padding-left: 5% !important;}&#8220;]<div class=\"eltdf-section-title-holder  \" >\n\t<div class=\"eltdf-st-inner\">\n\t\t\t\t\t<h2 class=\"eltdf-st-title\" >\n\t\t\t\t\u00dcber mich\t\t\t<\/h2>\n\t\t\t\t\t<\/div>\n<\/div><div class=\"eltdf-separator-holder clearfix  eltdf-separator-center \" style=\"margin-top: 13px;margin-bottom: 22px\">\n\t\t<div class=\"eltdf-separator\" ><\/div>\n\t\t\t<span class=\"eltdf-separator-icon\" >\n\t\t\t\t\t<\/span>\n\t\t\t\t\t<div class=\"eltdf-separator\" ><\/div>\n\t\t\t<\/div>\n[vc_column_text]Seit fast 10 Jahren gebe ich,\u00a0 als Dozentin verschiedene Italienischkurse an der VHS. Mit Leidenschaft unterrichte ich die italienische Sprache, erz\u00e4hle viel \u00fcber die Sitten und Br\u00e4uche, sowie \u00fcber die Traditionen Italiens. Eine davon, ist \u201e il caff\u00e8.. Als ich dann in Neapel \u201ecaff\u00e8 Borbone\u201c probiert habe, war mir klar, diesen guten italienischen Kaffee, biete ich an \u2026, als Deutsch-Italienerin, ein St\u00fcck von meinen Wurzeln, hierher bringen. \u201eUn caff\u00e8\u201c, zu dem man in Italien, nie nein sagt. Denn Kaffee ist Leidenschaft, Lebensfreude und Lebensstil. Erleben Sie \u201e un caff\u00e8\u201c und holen Sie sich ein St\u00fcck Dolce Vita zu sich nach Hause.<\/p>\n<p>Bei Fragen stehe ich gerne zur Verf\u00fcgung &#8211;&gt; <a href=\"http:\/\/xn--che-sfizio-caff-8mb.de\/?page_id=1110\">Kontakt<\/a>[\/vc_column_text][vc_empty_space height=&#8220;33px&#8220;][vc_column_text]<\/p>\n<p style=\"text-align: center;\"><a href=\"http:\/\/www.che-sfizio-caff\u00e8.de\/\">Zur\u00fcck zur Startseite<\/a><\/p>\n<p>[\/vc_column_text][\/vc_column][\/vc_row]<\/p>\n","protected":false},"excerpt":{"rendered":"<p>[vc_row full_height=&#8220;yes&#8220; columns_placement=&#8220;top&#8220; equal_height=&#8220;yes&#8220; content_placement=&#8220;middle&#8220; row_content_width=&#8220;grid&#8220; content_text_aligment=&#8220;center&#8220;][vc_column width=&#8220;2\/3&#8243; offset=&#8220;vc_col-lg-offset-0 vc_col-lg-4 vc_col-md-offset-3 vc_col-md-6 vc_col-sm-offset-2&#8243;][vc_single_image image=&#8220;3498&#8243; img_size=&#8220;full&#8220;][vc_empty_space height=&#8220;40px&#8220;][\/vc_column][vc_column offset=&#8220;vc_col-lg-offset-0 vc_col-lg-8 vc_col-md-offset-1 vc_col-md-10 vc_col-sm-offset-0&#8243; css=&#8220;.vc_custom_1524668823889{padding-right: 5% !important;padding-left: 5% !important;}&#8220;][vc_column_text]Seit fast 10 Jahren gebe ich,\u00a0 als Dozentin verschiedene Italienischkurse an der VHS. Mit Leidenschaft unterrichte ich die italienische Sprache, erz\u00e4hle viel \u00fcber die Sitten und Br\u00e4uche, sowie \u00fcber die Traditionen Italiens. Eine davon, ist \u201e il caff\u00e8.. Als ich dann in Neapel \u201ecaff\u00e8 Borbone\u201c probiert habe, [&hellip;]<\/p>\n","protected":false},"author":1,"featured_media":0,"parent":0,"menu_order":0,"comment_status":"closed","ping_status":"closed","template":"full-width.php","meta":{"footnotes":""},"class_list":["post-744","page","type-page","status-publish","hentry"],"_links":{"self":[{"href":"http:\/\/xn--che-sfizio-caff-8mb.de\/index.php?rest_route=\/wp\/v2\/pages\/744","targetHints":{"allow":["GET"]}}],"collection":[{"href":"http:\/\/xn--che-sfizio-caff-8mb.de\/index.php?rest_route=\/wp\/v2\/pages"}],"about":[{"href":"http:\/\/xn--che-sfizio-caff-8mb.de\/index.php?rest_route=\/wp\/v2\/types\/page"}],"author":[{"embeddable":true,"href":"http:\/\/xn--che-sfizio-caff-8mb.de\/index.php?rest_route=\/wp\/v2\/users\/1"}],"replies":[{"embeddable":true,"href":"http:\/\/xn--che-sfizio-caff-8mb.de\/index.php?rest_route=%2Fwp%2Fv2%2Fcomments&post=744"}],"version-history":[{"count":18,"href":"http:\/\/xn--che-sfizio-caff-8mb.de\/index.php?rest_route=\/wp\/v2\/pages\/744\/revisions"}],"predecessor-version":[{"id":3499,"href":"http:\/\/xn--che-sfizio-caff-8mb.de\/index.php?rest_route=\/wp\/v2\/pages\/744\/revisions\/3499"}],"wp:attachment":[{"href":"http:\/\/xn--che-sfizio-caff-8mb.de\/index.php?rest_route=%2Fwp%2Fv2%2Fmedia&parent=744"}],"curies":[{"name":"wp","href":"https:\/\/api.w.org\/{rel}","templated":true}]}}